{"id":7093,"date":"2024-03-20T13:59:52","date_gmt":"2024-03-20T05:59:52","guid":{"rendered":"https:\/\/yuyangtex.com\/?post_type=product&#038;p=7093"},"modified":"2024-04-03T14:26:10","modified_gmt":"2024-04-03T06:26:10","slug":"hi-vis-workwear-trs","status":"publish","type":"product","link":"https:\/\/yuyangtex.com\/es\/producto\/hi-vis-workwear-trs\/","title":{"rendered":"Pantal\u00f3n cargo Bideford de alta visibilidad Leo Workwear"},"content":{"rendered":"<ul>\n<li>Robusta mezcla de poli\u00e9ster y algod\u00f3n con acabado protector, de 280 g\/m\u00b2.<\/li>\n<li>Mayor visibilidad gracias a la cinta reflectante Retromax+ de cu\u00e1druple costura, que cumple las normas ISO 20471 Clase 1 y Hi-Vis Orange (RIS-3279-TOM).<\/li>\n<li>Dise\u00f1o funcional que incluye costuras principales de triple pespunte, cintura parcialmente el\u00e1stica y rodilla articulada para un movimiento superior.<\/li>\n<li>Amplias opciones de almacenamiento con formas de bolsillo mejoradas, bolsillo interno para rodilleras y un bolsillo trasero seguro.<\/li>\n<li>Cierre fiable con bot\u00f3n met\u00e1lico y bragueta con cremallera YKK, adem\u00e1s de 7 trabillas para el cintur\u00f3n y un punto de sujeci\u00f3n con anilla en D para mayor utilidad.<\/li>\n<\/ul>","protected":false},"excerpt":{"rendered":"<p>Robust poly\/cotton blend with a protective finish, weighing 280gsm. Enhanced visibility with quadruple-stitched Retromax+ reflective tape, meeting ISO 20471 Class 1 and Hi-Vis Orange (RIS-3279-TOM) standards. Functional design including triple-stitched main seams, part elasticated waistband, and articulated knee for superior movement. Comprehensive storage options with improved pocket shapes, internal knee pad pocket, and a secure &hellip;<\/p>\n<p class=\"read-more\"> <a class=\"\" href=\"https:\/\/yuyangtex.com\/es\/producto\/hi-vis-workwear-trs\/\"> <span class=\"screen-reader-text\">Pantal\u00f3n cargo Bideford de alta visibilidad Leo Workwear<\/span> Leer m\u00e1s \"<\/a><\/p>","protected":false},"featured_media":7094,"comment_status":"open","ping_status":"closed","template":"","meta":{"site-sidebar-layout":"default","site-content-layout":"","ast-site-content-layout":"default","site-content-style":"default","site-sidebar-style":"default","ast-global-header-display":"","ast-banner-title-visibility":"","ast-main-header-display":"","ast-hfb-above-header-display":"","ast-hfb-below-header-display":"","ast-hfb-mobile-header-display":"","site-post-title":"","ast-breadcrumbs-content":"","ast-featured-img":"","footer-sml-layout":"","theme-transparent-header-meta":"default","adv-header-id-meta":"","stick-header-meta":"","header-above-stick-meta":"","header-main-stick-meta":"","header-below-stick-meta":"","astra-migrate-meta-layouts":"set","ast-page-background-enabled":"default","ast-page-background-meta":{"desktop":{"background-color":"","background-image":"","background-repeat":"repeat","background-position":"center center","background-size":"auto","background-attachment":"scroll","background-type":"","background-media":"","overlay-type":"","overlay-color":"","overlay-gradient":""},"tablet":{"background-color":"","background-image":"","background-repeat":"repeat","background-position":"center center","background-size":"auto","background-attachment":"scroll","background-type":"","background-media":"","overlay-type":"","overlay-color":"","overlay-gradient":""},"mobile":{"background-color":"","background-image":"","background-repeat":"repeat","background-position":"center center","background-size":"auto","background-attachment":"scroll","background-type":"","background-media":"","overlay-type":"","overlay-color":"","overlay-gradient":""}},"ast-content-background-meta":{"desktop":{"background-color":"var(--ast-global-color-5)","background-image":"","background-repeat":"repeat","background-position":"center center","background-size":"auto","background-attachment":"scroll","background-type":"","background-media":"","overlay-type":"","overlay-color":"","overlay-gradient":""},"tablet":{"background-color":"var(--ast-global-color-5)","background-image":"","background-repeat":"repeat","background-position":"center center","background-size":"auto","background-attachment":"scroll","background-type":"","background-media":"","overlay-type":"","overlay-color":"","overlay-gradient":""},"mobile":{"background-color":"var(--ast-global-color-5)","background-image":"","background-repeat":"repeat","background-position":"center center","background-size":"auto","background-attachment":"scroll","background-type":"","background-media":"","overlay-type":"","overlay-color":"","overlay-gradient":""}}},"product_cat":[53],"product_tag":[],"_links":{"self":[{"href":"https:\/\/yuyangtex.com\/es\/wp-json\/wp\/v2\/product\/7093"}],"collection":[{"href":"https:\/\/yuyangtex.com\/es\/wp-json\/wp\/v2\/product"}],"about":[{"href":"https:\/\/yuyangtex.com\/es\/wp-json\/wp\/v2\/types\/product"}],"replies":[{"embeddable":true,"href":"https:\/\/yuyangtex.com\/es\/wp-json\/wp\/v2\/comments?post=7093"}],"wp:featuredmedia":[{"embeddable":true,"href":"https:\/\/yuyangtex.com\/es\/wp-json\/wp\/v2\/media\/7094"}],"wp:attachment":[{"href":"https:\/\/yuyangtex.com\/es\/wp-json\/wp\/v2\/media?parent=7093"}],"wp:term":[{"taxonomy":"product_cat","embeddable":true,"href":"https:\/\/yuyangtex.com\/es\/wp-json\/wp\/v2\/product_cat?post=7093"},{"taxonomy":"product_tag","embeddable":true,"href":"https:\/\/yuyangtex.com\/es\/wp-json\/wp\/v2\/product_tag?post=7093"}],"curies":[{"name":"wp","href":"https:\/\/api.w.org\/{rel}","templated":true}]}}