{"id":5855,"date":"2024-01-04T23:05:30","date_gmt":"2024-01-04T15:05:30","guid":{"rendered":"https:\/\/yuyangtex.com\/?page_id=5855"},"modified":"2024-03-30T00:25:48","modified_gmt":"2024-03-29T16:25:48","slug":"about-2","status":"publish","type":"page","link":"https:\/\/yuyangtex.com\/es\/about-2\/","title":{"rendered":"About"},"content":{"rendered":"<div data-elementor-type=\"wp-page\" data-elementor-id=\"5855\" class=\"elementor elementor-5855\" data-elementor-post-type=\"page\">\n\t\t\t\t\t\t\t<div class=\"elementor-element elementor-element-a6444b0 e-flex e-con-boxed e-con e-parent\" data-id=\"a6444b0\" data-element_type=\"container\" data-settings=\"{&quot;content_width&quot;:&quot;boxed&quot;}\" data-core-v316-plus=\"true\">\n\t\t\t\t\t<div class=\"e-con-inner\">\n\t\t<div class=\"elementor-element elementor-element-ea993a8 e-con-full e-flex e-con e-child\" data-id=\"ea993a8\" data-element_type=\"container\" data-settings=\"{&quot;content_width&quot;:&quot;full&quot;}\">\n\t\t\t\t<div class=\"elementor-element elementor-element-6fab818 elementor-widget elementor-widget-image\" data-id=\"6fab818\" data-element_type=\"widget\" data-widget_type=\"image.default\">\n\t\t\t\t<div class=\"elementor-widget-container\">\n\t\t\t<style>\/*! elementor - v3.18.0 - 20-12-2023 *\/\n.elementor-widget-image{text-align:center}.elementor-widget-image a{display:inline-block}.elementor-widget-image a img[src$=\".svg\"]{width:48px}.elementor-widget-image img{vertical-align:middle;display:inline-block}<\/style>\t\t\t\t\t\t\t\t\t\t\t\t<img fetchpriority=\"high\" decoding=\"async\" width=\"1024\" height=\"683\" src=\"https:\/\/yuyangtex.com\/wp-content\/uploads\/2023\/12\/cpmh-282625f07q-1024x683.jpg\" class=\"attachment-large size-large wp-image-6855\" alt=\"\" srcset=\"https:\/\/yuyangtex.com\/wp-content\/uploads\/2023\/12\/cpmh-282625f07q-1024x683.jpg 1024w, https:\/\/yuyangtex.com\/wp-content\/uploads\/2023\/12\/cpmh-282625f07q-300x200.jpg 300w, https:\/\/yuyangtex.com\/wp-content\/uploads\/2023\/12\/cpmh-282625f07q-768x512.jpg 768w, https:\/\/yuyangtex.com\/wp-content\/uploads\/2023\/12\/cpmh-282625f07q-1536x1024.jpg 1536w, https:\/\/yuyangtex.com\/wp-content\/uploads\/2023\/12\/cpmh-282625f07q-2048x1365.jpg 2048w, https:\/\/yuyangtex.com\/wp-content\/uploads\/2023\/12\/cpmh-282625f07q-18x12.jpg 18w, https:\/\/yuyangtex.com\/wp-content\/uploads\/2023\/12\/cpmh-282625f07q-600x400.jpg 600w\" sizes=\"(max-width: 1024px) 100vw, 1024px\" \/>\t\t\t\t\t\t\t\t\t\t\t\t\t\t\t<\/div>\n\t\t\t\t<\/div>\n\t\t\t\t<div class=\"elementor-element elementor-element-ac9e2e7 elementor-widget elementor-widget-heading\" data-id=\"ac9e2e7\" data-element_type=\"widget\" data-widget_type=\"heading.default\">\n\t\t\t\t<div class=\"elementor-widget-container\">\n\t\t\t<style>\/*! elementor - v3.18.0 - 20-12-2023 *\/\n.elementor-heading-title{padding:0;margin:0;line-height:1}.elementor-widget-heading .elementor-heading-title[class*=elementor-size-]>a{color:inherit;font-size:inherit;line-height:inherit}.elementor-widget-heading .elementor-heading-title.elementor-size-small{font-size:15px}.elementor-widget-heading .elementor-heading-title.elementor-size-medium{font-size:19px}.elementor-widget-heading .elementor-heading-title.elementor-size-large{font-size:29px}.elementor-widget-heading .elementor-heading-title.elementor-size-xl{font-size:39px}.elementor-widget-heading .elementor-heading-title.elementor-size-xxl{font-size:59px}<\/style><h2 class=\"elementor-heading-title elementor-size-default\">SOBRE NOSOTROS<\/h2>\t\t<\/div>\n\t\t\t\t<\/div>\n\t\t\t\t<\/div>\n\t\t<div class=\"elementor-element elementor-element-06a3889 e-con-full e-flex e-con e-child\" data-id=\"06a3889\" data-element_type=\"container\" data-settings=\"{&quot;content_width&quot;:&quot;full&quot;}\">\n\t\t\t\t<div class=\"elementor-element elementor-element-e1d3eb4 elementor-widget elementor-widget-image\" data-id=\"e1d3eb4\" data-element_type=\"widget\" data-widget_type=\"image.default\">\n\t\t\t\t<div class=\"elementor-widget-container\">\n\t\t\t\t\t\t\t\t\t\t\t\t\t\t\t<img decoding=\"async\" width=\"1024\" height=\"517\" src=\"https:\/\/yuyangtex.com\/wp-content\/uploads\/2024\/01\/\u65b0\u5efa\u9879\u76ee1-1-1024x517.png\" class=\"attachment-large size-large wp-image-6377\" alt=\"\" srcset=\"https:\/\/yuyangtex.com\/wp-content\/uploads\/2024\/01\/\u65b0\u5efa\u9879\u76ee1-1-1024x517.png 1024w, https:\/\/yuyangtex.com\/wp-content\/uploads\/2024\/01\/\u65b0\u5efa\u9879\u76ee1-1-300x152.png 300w, https:\/\/yuyangtex.com\/wp-content\/uploads\/2024\/01\/\u65b0\u5efa\u9879\u76ee1-1-768x388.png 768w, https:\/\/yuyangtex.com\/wp-content\/uploads\/2024\/01\/\u65b0\u5efa\u9879\u76ee1-1-1536x776.png 1536w, https:\/\/yuyangtex.com\/wp-content\/uploads\/2024\/01\/\u65b0\u5efa\u9879\u76ee1-1-600x303.png 600w, https:\/\/yuyangtex.com\/wp-content\/uploads\/2024\/01\/\u65b0\u5efa\u9879\u76ee1-1.png 1980w\" sizes=\"(max-width: 1024px) 100vw, 1024px\" \/>\t\t\t\t\t\t\t\t\t\t\t\t\t\t\t<\/div>\n\t\t\t\t<\/div>\n\t\t\t\t<\/div>\n\t\t\t\t\t<\/div>\n\t\t\t\t<\/div>\n\t\t<div class=\"elementor-element elementor-element-3c43310e e-flex e-con-boxed e-con e-parent\" data-id=\"3c43310e\" data-element_type=\"container\" data-settings=\"{&quot;content_width&quot;:&quot;boxed&quot;}\" data-core-v316-plus=\"true\">\n\t\t\t\t\t<div class=\"e-con-inner\">\n\t\t<div class=\"elementor-element elementor-element-76c132db e-con-full e-flex e-con e-child\" data-id=\"76c132db\" data-element_type=\"container\" data-settings=\"{&quot;content_width&quot;:&quot;full&quot;}\">\n\t\t\t\t<div class=\"elementor-element elementor-element-28baac52 elementor-widget elementor-widget-image-box\" data-id=\"28baac52\" data-element_type=\"widget\" data-widget_type=\"image-box.default\">\n\t\t\t\t<div class=\"elementor-widget-container\">\n\t\t\t<style>\/*! elementor - v3.18.0 - 20-12-2023 *\/\n.elementor-widget-image-box .elementor-image-box-content{width:100%}@media (min-width:768px){.elementor-widget-image-box.elementor-position-left .elementor-image-box-wrapper,.elementor-widget-image-box.elementor-position-right .elementor-image-box-wrapper{display:flex}.elementor-widget-image-box.elementor-position-right .elementor-image-box-wrapper{text-align:right;flex-direction:row-reverse}.elementor-widget-image-box.elementor-position-left .elementor-image-box-wrapper{text-align:left;flex-direction:row}.elementor-widget-image-box.elementor-position-top .elementor-image-box-img{margin:auto}.elementor-widget-image-box.elementor-vertical-align-top .elementor-image-box-wrapper{align-items:flex-start}.elementor-widget-image-box.elementor-vertical-align-middle .elementor-image-box-wrapper{align-items:center}.elementor-widget-image-box.elementor-vertical-align-bottom .elementor-image-box-wrapper{align-items:flex-end}}@media (max-width:767px){.elementor-widget-image-box .elementor-image-box-img{margin-left:auto!important;margin-right:auto!important;margin-bottom:15px}}.elementor-widget-image-box .elementor-image-box-img{display:inline-block}.elementor-widget-image-box .elementor-image-box-title a{color:inherit}.elementor-widget-image-box .elementor-image-box-wrapper{text-align:center}.elementor-widget-image-box .elementor-image-box-description{margin:0}<\/style><div class=\"elementor-image-box-wrapper\"><div class=\"elementor-image-box-content\"><p class=\"elementor-image-box-description\">Ningbo Yuyang Clothing Co., Ltdfounded en 2006, situado en Ningbo, China. Que es una empresa de fabricaci\u00f3n y comercio combinado, especializada en la fabricaci\u00f3n de muchos tipos de prendas de vestir, la gama de productos principales es la ropa al aire libre, ropa ecuestre y algunos tipos de ropa casual. con un espacio de construcci\u00f3n de m\u00e1s de 5000 metros cuadrados, 300 empleados. Nuestros productos se han vendido a todos los rincones del mundo, EE.UU., Alemania, Reino Unido, Dinamarca, Suecia, B\u00e9lgica, Brasil, etc. Nuestros clientes van desde las marcas m\u00e1s conocidas hasta las tiendas de nueva construcci\u00f3n.\nEl objetivo es proporcionar al cliente: excelentes recursos de la cadena de suministro, productos de buena calidad, precios competitivos y un servicio eficiente.<\/p><\/div><\/div>\t\t<\/div>\n\t\t\t\t<\/div>\n\t\t\t\t<\/div>\n\t\t<div class=\"elementor-element elementor-element-3d62a6a1 e-con-full e-flex e-con e-child\" data-id=\"3d62a6a1\" data-element_type=\"container\" data-settings=\"{&quot;content_width&quot;:&quot;full&quot;}\">\n\t\t\t\t<div class=\"elementor-element elementor-element-53ee6550 elementor-widget elementor-widget-image\" data-id=\"53ee6550\" data-element_type=\"widget\" data-widget_type=\"image.default\">\n\t\t\t\t<div class=\"elementor-widget-container\">\n\t\t\t\t\t\t\t\t\t\t\t\t\t\t\t<img decoding=\"async\" width=\"1024\" height=\"683\" src=\"https:\/\/yuyangtex.com\/wp-content\/uploads\/2024\/01\/yuyangtex-7-1024x683.jpg\" class=\"attachment-large size-large wp-image-5666\" alt=\"\" srcset=\"https:\/\/yuyangtex.com\/wp-content\/uploads\/2024\/01\/yuyangtex-7-1024x683.jpg 1024w, https:\/\/yuyangtex.com\/wp-content\/uploads\/2024\/01\/yuyangtex-7-scaled-600x400.jpg 600w, https:\/\/yuyangtex.com\/wp-content\/uploads\/2024\/01\/yuyangtex-7-300x200.jpg 300w, https:\/\/yuyangtex.com\/wp-content\/uploads\/2024\/01\/yuyangtex-7-768x512.jpg 768w, https:\/\/yuyangtex.com\/wp-content\/uploads\/2024\/01\/yuyangtex-7-1536x1024.jpg 1536w, https:\/\/yuyangtex.com\/wp-content\/uploads\/2024\/01\/yuyangtex-7-2048x1365.jpg 2048w\" sizes=\"(max-width: 1024px) 100vw, 1024px\" \/>\t\t\t\t\t\t\t\t\t\t\t\t\t\t\t<\/div>\n\t\t\t\t<\/div>\n\t\t\t\t<\/div>\n\t\t\t\t\t<\/div>\n\t\t\t\t<\/div>\n\t\t<div class=\"elementor-element elementor-element-0200c7b e-flex e-con-boxed e-con e-parent\" data-id=\"0200c7b\" data-element_type=\"container\" data-settings=\"{&quot;content_width&quot;:&quot;boxed&quot;}\" data-core-v316-plus=\"true\">\n\t\t\t\t\t<div class=\"e-con-inner\">\n\t\t\t\t<div class=\"elementor-element elementor-element-452a854 elementor-widget elementor-widget-video\" data-id=\"452a854\" data-element_type=\"widget\" data-settings=\"{&quot;video_type&quot;:&quot;hosted&quot;,&quot;controls&quot;:&quot;yes&quot;}\" data-widget_type=\"video.default\">\n\t\t\t\t<div class=\"elementor-widget-container\">\n\t\t\t<style>\/*! elementor - v3.18.0 - 20-12-2023 *\/\n.elementor-widget-video .elementor-widget-container{overflow:hidden;transform:translateZ(0)}.elementor-widget-video .elementor-wrapper{aspect-ratio:var(--video-aspect-ratio)}.elementor-widget-video .elementor-wrapper iframe,.elementor-widget-video .elementor-wrapper video{height:100%;width:100%;display:flex;border:none;background-color:#000}@supports not (aspect-ratio:1\/1){.elementor-widget-video .elementor-wrapper{position:relative;overflow:hidden;height:0;padding-bottom:calc(100% \/ var(--video-aspect-ratio))}.elementor-widget-video .elementor-wrapper iframe,.elementor-widget-video .elementor-wrapper video{position:absolute;top:0;right:0;bottom:0;left:0}}.elementor-widget-video .elementor-open-inline .elementor-custom-embed-image-overlay{position:absolute;top:0;right:0;bottom:0;left:0;background-size:cover;background-position:50%}.elementor-widget-video .elementor-custom-embed-image-overlay{cursor:pointer;text-align:center}.elementor-widget-video .elementor-custom-embed-image-overlay:hover .elementor-custom-embed-play i{opacity:1}.elementor-widget-video .elementor-custom-embed-image-overlay img{display:block;width:100%;aspect-ratio:var(--video-aspect-ratio);-o-object-fit:cover;object-fit:cover;-o-object-position:center center;object-position:center center}@supports not (aspect-ratio:1\/1){.elementor-widget-video .elementor-custom-embed-image-overlay{position:relative;overflow:hidden;height:0;padding-bottom:calc(100% \/ var(--video-aspect-ratio))}.elementor-widget-video .elementor-custom-embed-image-overlay img{position:absolute;top:0;right:0;bottom:0;left:0}}.elementor-widget-video .e-hosted-video .elementor-video{-o-object-fit:cover;object-fit:cover}.e-con-inner>.elementor-widget-video,.e-con>.elementor-widget-video{width:var(--container-widget-width);--flex-grow:var(--container-widget-flex-grow)}<\/style>\t\t<div class=\"e-hosted-video elementor-wrapper elementor-open-inline\">\n\t\t\t\t\t<video class=\"elementor-video\" src=\"http:\/\/yuyangtex.com\/wp-content\/uploads\/2024\/01\/667f6933bc2bb1cdd6a18ae2ca0aa9ff.mp4\" controls=\"\" preload=\"metadata\" controlslist=\"nodownload\"><\/video>\n\t\t\t\t<\/div>\n\t\t\t\t<\/div>\n\t\t\t\t<\/div>\n\t\t\t\t\t<\/div>\n\t\t\t\t<\/div>\n\t\t<div class=\"elementor-element elementor-element-82852b2 e-flex e-con-boxed e-con e-parent\" data-id=\"82852b2\" data-element_type=\"container\" data-settings=\"{&quot;content_width&quot;:&quot;boxed&quot;}\" data-core-v316-plus=\"true\">\n\t\t\t\t\t<div class=\"e-con-inner\">\n\t\t\t\t<div class=\"elementor-element elementor-element-076a7cc elementor-widget elementor-widget-image\" data-id=\"076a7cc\" data-element_type=\"widget\" data-widget_type=\"image.default\">\n\t\t\t\t<div class=\"elementor-widget-container\">\n\t\t\t\t\t\t\t\t\t\t\t\t\t\t\t<img loading=\"lazy\" decoding=\"async\" width=\"1004\" height=\"682\" src=\"https:\/\/yuyangtex.com\/wp-content\/uploads\/2024\/01\/de2e6e8db9b0321ef0b46a41947a016c_H959138e6847744a08eada402b50c3236E.jpg\" class=\"attachment-full size-full wp-image-5663\" alt=\"\" srcset=\"https:\/\/yuyangtex.com\/wp-content\/uploads\/2024\/01\/de2e6e8db9b0321ef0b46a41947a016c_H959138e6847744a08eada402b50c3236E.jpg 1004w, https:\/\/yuyangtex.com\/wp-content\/uploads\/2024\/01\/de2e6e8db9b0321ef0b46a41947a016c_H959138e6847744a08eada402b50c3236E-600x408.jpg 600w, https:\/\/yuyangtex.com\/wp-content\/uploads\/2024\/01\/de2e6e8db9b0321ef0b46a41947a016c_H959138e6847744a08eada402b50c3236E-300x204.jpg 300w, https:\/\/yuyangtex.com\/wp-content\/uploads\/2024\/01\/de2e6e8db9b0321ef0b46a41947a016c_H959138e6847744a08eada402b50c3236E-768x522.jpg 768w\" sizes=\"(max-width: 1004px) 100vw, 1004px\" \/>\t\t\t\t\t\t\t\t\t\t\t\t\t\t\t<\/div>\n\t\t\t\t<\/div>\n\t\t\t\t\t<\/div>\n\t\t\t\t<\/div>\n\t\t\t\t\t\t\t<\/div>","protected":false},"excerpt":{"rendered":"<p>ABOUT US Ningbo Yuyang Clothing Co.,Ltdfounded in 2006, located in Ningbo,China. Who is a manufacturing&amp;trading combined company , specialized in making many kinds of clothing, the core products range is outdoor wear ,equestrian clothes and some kinds of casual wear. with a construction space of over5000 square meters ,300 staffs . Our products have been &hellip;<\/p>\n<p class=\"read-more\"> <a class=\"\" href=\"https:\/\/yuyangtex.com\/es\/about-2\/\"> <span class=\"screen-reader-text\">About<\/span> Leer m\u00e1s \"<\/a><\/p>","protected":false},"author":1,"featured_media":0,"parent":0,"menu_order":0,"comment_status":"closed","ping_status":"closed","template":"","meta":{"site-sidebar-layout":"no-sidebar","site-content-layout":"page-builder","ast-site-content-layout":"full-width-container","site-content-style":"default","site-sidebar-style":"default","ast-global-header-display":"","ast-banner-title-visibility":"","ast-main-header-display":"","ast-hfb-above-header-display":"","ast-hfb-below-header-display":"","ast-hfb-mobile-header-display":"","site-post-title":"disabled","ast-breadcrumbs-content":"","ast-featured-img":"disabled","footer-sml-layout":"","theme-transparent-header-meta":"","adv-header-id-meta":"","stick-header-meta":"","header-above-stick-meta":"","header-main-stick-meta":"","header-below-stick-meta":"","astra-migrate-meta-layouts":"set","ast-page-background-enabled":"default","ast-page-background-meta":{"desktop":{"background-color":"","background-image":"","background-repeat":"repeat","background-position":"center center","background-size":"auto","background-attachment":"scroll","background-type":"","background-media":"","overlay-type":"","overlay-color":"","overlay-gradient":""},"tablet":{"background-color":"","background-image":"","background-repeat":"repeat","background-position":"center center","background-size":"auto","background-attachment":"scroll","background-type":"","background-media":"","overlay-type":"","overlay-color":"","overlay-gradient":""},"mobile":{"background-color":"","background-image":"","background-repeat":"repeat","background-position":"center center","background-size":"auto","background-attachment":"scroll","background-type":"","background-media":"","overlay-type":"","overlay-color":"","overlay-gradient":""}},"ast-content-background-meta":{"desktop":{"background-color":"var(--ast-global-color-5)","background-image":"","background-repeat":"repeat","background-position":"center center","background-size":"auto","background-attachment":"scroll","background-type":"","background-media":"","overlay-type":"","overlay-color":"","overlay-gradient":""},"tablet":{"background-color":"var(--ast-global-color-5)","background-image":"","background-repeat":"repeat","background-position":"center center","background-size":"auto","background-attachment":"scroll","background-type":"","background-media":"","overlay-type":"","overlay-color":"","overlay-gradient":""},"mobile":{"background-color":"var(--ast-global-color-5)","background-image":"","background-repeat":"repeat","background-position":"center center","background-size":"auto","background-attachment":"scroll","background-type":"","background-media":"","overlay-type":"","overlay-color":"","overlay-gradient":""}},"footnotes":""},"_links":{"self":[{"href":"https:\/\/yuyangtex.com\/es\/wp-json\/wp\/v2\/pages\/5855"}],"collection":[{"href":"https:\/\/yuyangtex.com\/es\/wp-json\/wp\/v2\/pages"}],"about":[{"href":"https:\/\/yuyangtex.com\/es\/wp-json\/wp\/v2\/types\/page"}],"author":[{"embeddable":true,"href":"https:\/\/yuyangtex.com\/es\/wp-json\/wp\/v2\/users\/1"}],"replies":[{"embeddable":true,"href":"https:\/\/yuyangtex.com\/es\/wp-json\/wp\/v2\/comments?post=5855"}],"version-history":[{"count":35,"href":"https:\/\/yuyangtex.com\/es\/wp-json\/wp\/v2\/pages\/5855\/revisions"}],"predecessor-version":[{"id":7164,"href":"https:\/\/yuyangtex.com\/es\/wp-json\/wp\/v2\/pages\/5855\/revisions\/7164"}],"wp:attachment":[{"href":"https:\/\/yuyangtex.com\/es\/wp-json\/wp\/v2\/media?parent=5855"}],"curies":[{"name":"wp","href":"https:\/\/api.w.org\/{rel}","templated":true}]}}