{"id":7093,"date":"2024-03-20T13:59:52","date_gmt":"2024-03-20T05:59:52","guid":{"rendered":"https:\/\/yuyangtex.com\/?post_type=product&#038;p=7093"},"modified":"2024-04-03T14:26:10","modified_gmt":"2024-04-03T06:26:10","slug":"hi-vis-workwear-trs","status":"publish","type":"product","link":"https:\/\/yuyangtex.com\/de\/produkt\/hi-vis-workwear-trs\/","title":{"rendered":"Hi vis Leo Workwear Bideford Cargohose"},"content":{"rendered":"<ul>\n<li>Robuste Poly\/Baumwollmischung mit einer sch\u00fctzenden Oberfl\u00e4che und einem Gewicht von 280 g\/m\u00b2.<\/li>\n<li>Verbesserte Sichtbarkeit durch vierfach vern\u00e4htes Retromax+ Reflexband, das die Normen ISO 20471 Klasse 1 und Hi-Vis Orange (RIS-3279-TOM) erf\u00fcllt.<\/li>\n<li>Funktionelles Design mit dreifach gen\u00e4hten Hauptn\u00e4hten, teilelastischem Bund und vorgeformtem Knie f\u00fcr optimale Bewegungsfreiheit.<\/li>\n<li>Umfassende Aufbewahrungsm\u00f6glichkeiten mit verbesserten Taschenformen, interner Kniepolstertasche und einer sicheren R\u00fcckentasche.<\/li>\n<li>Zuverl\u00e4ssiger Verschluss mit Metallknopf und YKK-Rei\u00dfverschluss. 7 G\u00fcrtelschlaufen und ein D-Ring zum Anbinden sorgen f\u00fcr zus\u00e4tzlichen Nutzen.<\/li>\n<\/ul>","protected":false},"excerpt":{"rendered":"<p>Robust poly\/cotton blend with a protective finish, weighing 280gsm. Enhanced visibility with quadruple-stitched Retromax+ reflective tape, meeting ISO 20471 Class 1 and Hi-Vis Orange (RIS-3279-TOM) standards. Functional design including triple-stitched main seams, part elasticated waistband, and articulated knee for superior movement. Comprehensive storage options with improved pocket shapes, internal knee pad pocket, and a secure &hellip;<\/p>\n<p class=\"read-more\"> <a class=\"\" href=\"https:\/\/yuyangtex.com\/de\/produkt\/hi-vis-workwear-trs\/\"> <span class=\"screen-reader-text\">Hi vis Leo Workwear Bideford Cargohose<\/span> Weiterlesen \"<\/a><\/p>","protected":false},"featured_media":7094,"comment_status":"open","ping_status":"closed","template":"","meta":{"site-sidebar-layout":"default","site-content-layout":"","ast-site-content-layout":"default","site-content-style":"default","site-sidebar-style":"default","ast-global-header-display":"","ast-banner-title-visibility":"","ast-main-header-display":"","ast-hfb-above-header-display":"","ast-hfb-below-header-display":"","ast-hfb-mobile-header-display":"","site-post-title":"","ast-breadcrumbs-content":"","ast-featured-img":"","footer-sml-layout":"","theme-transparent-header-meta":"default","adv-header-id-meta":"","stick-header-meta":"","header-above-stick-meta":"","header-main-stick-meta":"","header-below-stick-meta":"","astra-migrate-meta-layouts":"set","ast-page-background-enabled":"default","ast-page-background-meta":{"desktop":{"background-color":"","background-image":"","background-repeat":"repeat","background-position":"center center","background-size":"auto","background-attachment":"scroll","background-type":"","background-media":"","overlay-type":"","overlay-color":"","overlay-gradient":""},"tablet":{"background-color":"","background-image":"","background-repeat":"repeat","background-position":"center center","background-size":"auto","background-attachment":"scroll","background-type":"","background-media":"","overlay-type":"","overlay-color":"","overlay-gradient":""},"mobile":{"background-color":"","background-image":"","background-repeat":"repeat","background-position":"center center","background-size":"auto","background-attachment":"scroll","background-type":"","background-media":"","overlay-type":"","overlay-color":"","overlay-gradient":""}},"ast-content-background-meta":{"desktop":{"background-color":"var(--ast-global-color-5)","background-image":"","background-repeat":"repeat","background-position":"center center","background-size":"auto","background-attachment":"scroll","background-type":"","background-media":"","overlay-type":"","overlay-color":"","overlay-gradient":""},"tablet":{"background-color":"var(--ast-global-color-5)","background-image":"","background-repeat":"repeat","background-position":"center center","background-size":"auto","background-attachment":"scroll","background-type":"","background-media":"","overlay-type":"","overlay-color":"","overlay-gradient":""},"mobile":{"background-color":"var(--ast-global-color-5)","background-image":"","background-repeat":"repeat","background-position":"center center","background-size":"auto","background-attachment":"scroll","background-type":"","background-media":"","overlay-type":"","overlay-color":"","overlay-gradient":""}}},"product_cat":[53],"product_tag":[],"_links":{"self":[{"href":"https:\/\/yuyangtex.com\/de\/wp-json\/wp\/v2\/product\/7093"}],"collection":[{"href":"https:\/\/yuyangtex.com\/de\/wp-json\/wp\/v2\/product"}],"about":[{"href":"https:\/\/yuyangtex.com\/de\/wp-json\/wp\/v2\/types\/product"}],"replies":[{"embeddable":true,"href":"https:\/\/yuyangtex.com\/de\/wp-json\/wp\/v2\/comments?post=7093"}],"wp:featuredmedia":[{"embeddable":true,"href":"https:\/\/yuyangtex.com\/de\/wp-json\/wp\/v2\/media\/7094"}],"wp:attachment":[{"href":"https:\/\/yuyangtex.com\/de\/wp-json\/wp\/v2\/media?parent=7093"}],"wp:term":[{"taxonomy":"product_cat","embeddable":true,"href":"https:\/\/yuyangtex.com\/de\/wp-json\/wp\/v2\/product_cat?post=7093"},{"taxonomy":"product_tag","embeddable":true,"href":"https:\/\/yuyangtex.com\/de\/wp-json\/wp\/v2\/product_tag?post=7093"}],"curies":[{"name":"wp","href":"https:\/\/api.w.org\/{rel}","templated":true}]}}