{"id":5999,"date":"2024-01-05T00:03:34","date_gmt":"2024-01-04T16:03:34","guid":{"rendered":"https:\/\/yuyangtex.com\/?page_id=5999"},"modified":"2024-03-29T22:38:57","modified_gmt":"2024-03-29T14:38:57","slug":"our-service","status":"publish","type":"page","link":"https:\/\/yuyangtex.com\/de\/our-service\/","title":{"rendered":"Unser Service"},"content":{"rendered":"<div data-elementor-type=\"wp-page\" data-elementor-id=\"5999\" class=\"elementor elementor-5999\" data-elementor-post-type=\"page\">\n\t\t\t\t\t\t\t<div class=\"elementor-element elementor-element-61afeda e-flex e-con-boxed e-con e-parent\" data-id=\"61afeda\" data-element_type=\"container\" data-settings=\"{&quot;background_background&quot;:&quot;classic&quot;,&quot;content_width&quot;:&quot;boxed&quot;}\" data-core-v316-plus=\"true\">\n\t\t\t\t\t<div class=\"e-con-inner\">\n\t\t\t\t<div class=\"elementor-element elementor-element-05b1d71 elementor-widget elementor-widget-heading\" data-id=\"05b1d71\" data-element_type=\"widget\" data-widget_type=\"heading.default\">\n\t\t\t\t<div class=\"elementor-widget-container\">\n\t\t\t<style>\/*! elementor - v3.18.0 - 20-12-2023 *\/\n.elementor-heading-title{padding:0;margin:0;line-height:1}.elementor-widget-heading .elementor-heading-title[class*=elementor-size-]>a{color:inherit;font-size:inherit;line-height:inherit}.elementor-widget-heading .elementor-heading-title.elementor-size-small{font-size:15px}.elementor-widget-heading .elementor-heading-title.elementor-size-medium{font-size:19px}.elementor-widget-heading .elementor-heading-title.elementor-size-large{font-size:29px}.elementor-widget-heading .elementor-heading-title.elementor-size-xl{font-size:39px}.elementor-widget-heading .elementor-heading-title.elementor-size-xxl{font-size:59px}<\/style><h2 class=\"elementor-heading-title elementor-size-default\">Unser Service<\/h2>\t\t<\/div>\n\t\t\t\t<\/div>\n\t\t\t\t<div class=\"elementor-element elementor-element-6b2af28 elementor-widget elementor-widget-text-editor\" data-id=\"6b2af28\" data-element_type=\"widget\" data-widget_type=\"text-editor.default\">\n\t\t\t\t<div class=\"elementor-widget-container\">\n\t\t\t<style>\/*! elementor - v3.18.0 - 20-12-2023 *\/\n.elementor-widget-text-editor.elementor-drop-cap-view-stacked .elementor-drop-cap{background-color:#69727d;color:#fff}.elementor-widget-text-editor.elementor-drop-cap-view-framed .elementor-drop-cap{color:#69727d;border:3px solid;background-color:transparent}.elementor-widget-text-editor:not(.elementor-drop-cap-view-default) .elementor-drop-cap{margin-top:8px}.elementor-widget-text-editor:not(.elementor-drop-cap-view-default) .elementor-drop-cap-letter{width:1em;height:1em}.elementor-widget-text-editor .elementor-drop-cap{float:left;text-align:center;line-height:1;font-size:50px}.elementor-widget-text-editor .elementor-drop-cap-letter{display:inline-block}<\/style>\t\t\t\t<p>Yuyang Clothing, ein herausragender Pionier auf dem Gebiet der ma\u00dfgefertigten Oberbekleidung, beliefert eine vielf\u00e4ltige Kundschaft in den Bereichen Radfahren, Laufen, Outdoor und Skifahren. Wir sind bestrebt, nachhaltige Alternativen anzubieten und bieten umweltbewussten Marken die M\u00f6glichkeit, Oberbekleidung aus recyceltem Polyester oder anderen nachhaltigen Materialien herzustellen.<\/p>\t\t\t\t\t\t<\/div>\n\t\t\t\t<\/div>\n\t\t\t\t\t<\/div>\n\t\t\t\t<\/div>\n\t\t\t\t<section class=\"elementor-section elementor-top-section elementor-element elementor-element-465265dc elementor-section-boxed elementor-section-height-default elementor-section-height-default\" data-id=\"465265dc\" data-element_type=\"section\" data-settings=\"{&quot;background_background&quot;:&quot;classic&quot;}\">\n\t\t\t\t\t\t<div class=\"elementor-container elementor-column-gap-default\">\n\t\t\t\t\t<div class=\"elementor-column elementor-col-33 elementor-top-column elementor-element elementor-element-467b0438\" data-id=\"467b0438\" data-element_type=\"column\">\n\t\t\t<div class=\"elementor-widget-wrap elementor-element-populated\">\n\t\t\t\t\t\t\t\t<div class=\"elementor-element elementor-element-48f1ce3 elementor-widget elementor-widget-image\" data-id=\"48f1ce3\" data-element_type=\"widget\" data-widget_type=\"image.default\">\n\t\t\t\t<div class=\"elementor-widget-container\">\n\t\t\t<style>\/*! elementor - v3.18.0 - 20-12-2023 *\/\n.elementor-widget-image{text-align:center}.elementor-widget-image a{display:inline-block}.elementor-widget-image a img[src$=\".svg\"]{width:48px}.elementor-widget-image img{vertical-align:middle;display:inline-block}<\/style>\t\t\t\t\t\t\t\t\t\t\t\t<img decoding=\"async\" src=\"http:\/\/yuyangtex.com\/wp-content\/uploads\/2024\/02\/service2.webp\" title=\"\" alt=\"\" loading=\"lazy\" \/>\t\t\t\t\t\t\t\t\t\t\t\t\t\t\t<\/div>\n\t\t\t\t<\/div>\n\t\t\t\t\t<\/div>\n\t\t<\/div>\n\t\t\t\t<div class=\"elementor-column elementor-col-33 elementor-top-column elementor-element elementor-element-42f14fd\" data-id=\"42f14fd\" data-element_type=\"column\">\n\t\t\t<div class=\"elementor-widget-wrap elementor-element-populated\">\n\t\t\t\t\t\t\t\t<div class=\"elementor-element elementor-element-142be916 elementor-absolute elementor-widget elementor-widget-image\" data-id=\"142be916\" data-element_type=\"widget\" data-settings=\"{&quot;_position&quot;:&quot;absolute&quot;}\" data-widget_type=\"image.default\">\n\t\t\t\t<div class=\"elementor-widget-container\">\n\t\t\t\t\t\t\t\t\t\t\t\t\t\t\t<img decoding=\"async\" width=\"103\" height=\"24\" src=\"https:\/\/yuyangtex.com\/wp-content\/uploads\/2024\/02\/heading-bird.png\" class=\"attachment-large size-large wp-image-6950\" alt=\"\" srcset=\"https:\/\/yuyangtex.com\/wp-content\/uploads\/2024\/02\/heading-bird.png 103w, https:\/\/yuyangtex.com\/wp-content\/uploads\/2024\/02\/heading-bird-18x4.png 18w, https:\/\/yuyangtex.com\/wp-content\/uploads\/2024\/02\/heading-bird-100x24.png 100w\" sizes=\"(max-width: 103px) 100vw, 103px\" \/>\t\t\t\t\t\t\t\t\t\t\t\t\t\t\t<\/div>\n\t\t\t\t<\/div>\n\t\t\t\t<div class=\"elementor-element elementor-element-9592ec5 ekit-equal-height-disable elementor-widget elementor-widget-elementskit-icon-box\" data-id=\"9592ec5\" data-element_type=\"widget\" data-widget_type=\"elementskit-icon-box.default\">\n\t\t\t\t<div class=\"elementor-widget-container\">\n\t\t\t<div class=\"ekit-wid-con\" >        <!-- link opening -->\n                <!-- end link opening -->\n\n        <div class=\"elementskit-infobox text-left text- icon-lef-right-aligin elementor-animation-\">\n                        <div class=\"box-body\">\n                            <h3 class=\"elementskit-info-box-title\">\n                    ODM                <\/h3>\n                        \t\t  <p>Ganz gleich, ob Sie einen Designer f\u00fcr Oberbekleidung, eine Produktionsst\u00e4tte f\u00fcr Ihre innovativen Ideen, nachhaltige Oberbekleidungsoptionen oder Unterst\u00fctzung bei der Gr\u00fcndung Ihrer eigenen Oberbekleidungsmarke suchen, Loto Garment ist ein f\u00fchrender Anbieter von ma\u00dfgeschneiderter Sport- und Aktivbekleidung. Wir betreuen seit 2006 Sportbekleidungsmarken und Start-ups mit Auszeichnung.<\/p>\n                                        <div class=\"box-footer disable_hover_button\">\n                    <div class=\"btn-wraper\">\n                                                            <a href=\"#\" target=\"_self\" rel=\"\" class=\"elementskit-btn whitespace--normal elementor-animation-\">\n                                                                                Mehr lesen                                    <\/a>\n                                                        <\/div>\n                <\/div>\n                    <\/div>\n        \n        \n                <\/div>\n        <\/div>\t\t<\/div>\n\t\t\t\t<\/div>\n\t\t\t\t<div class=\"elementor-element elementor-element-e715dd9 elementor-widget__width-auto elementor-absolute elementor-invisible elementor-widget elementor-widget-image\" data-id=\"e715dd9\" data-element_type=\"widget\" data-settings=\"{&quot;_animation&quot;:&quot;fadeIn&quot;,&quot;_position&quot;:&quot;absolute&quot;}\" data-widget_type=\"image.default\">\n\t\t\t\t<div class=\"elementor-widget-container\">\n\t\t\t\t\t\t\t\t\t\t\t\t\t\t\t<img decoding=\"async\" width=\"64\" height=\"64\" src=\"https:\/\/yuyangtex.com\/wp-content\/uploads\/2024\/02\/heading-dots.png\" class=\"attachment-large size-large wp-image-6953\" alt=\"\" srcset=\"https:\/\/yuyangtex.com\/wp-content\/uploads\/2024\/02\/heading-dots.png 64w, https:\/\/yuyangtex.com\/wp-content\/uploads\/2024\/02\/heading-dots-12x12.png 12w\" sizes=\"(max-width: 64px) 100vw, 64px\" \/>\t\t\t\t\t\t\t\t\t\t\t\t\t\t\t<\/div>\n\t\t\t\t<\/div>\n\t\t\t\t\t<\/div>\n\t\t<\/div>\n\t\t\t\t<div class=\"elementor-column elementor-col-33 elementor-top-column elementor-element elementor-element-3248becc\" data-id=\"3248becc\" data-element_type=\"column\">\n\t\t\t<div class=\"elementor-widget-wrap elementor-element-populated\">\n\t\t\t\t\t\t\t\t<div class=\"elementor-element elementor-element-6dccd136 elementor-absolute elementor-widget elementor-widget-image\" data-id=\"6dccd136\" data-element_type=\"widget\" data-settings=\"{&quot;_position&quot;:&quot;absolute&quot;}\" data-widget_type=\"image.default\">\n\t\t\t\t<div class=\"elementor-widget-container\">\n\t\t\t\t\t\t\t\t\t\t\t\t\t\t\t<img decoding=\"async\" width=\"222\" height=\"56\" src=\"https:\/\/yuyangtex.com\/wp-content\/uploads\/2024\/02\/heading-cloud-bird.png\" class=\"attachment-large size-large wp-image-6958\" alt=\"\" srcset=\"https:\/\/yuyangtex.com\/wp-content\/uploads\/2024\/02\/heading-cloud-bird.png 222w, https:\/\/yuyangtex.com\/wp-content\/uploads\/2024\/02\/heading-cloud-bird-18x5.png 18w\" sizes=\"(max-width: 222px) 100vw, 222px\" \/>\t\t\t\t\t\t\t\t\t\t\t\t\t\t\t<\/div>\n\t\t\t\t<\/div>\n\t\t\t\t<div class=\"elementor-element elementor-element-46448cea ekit-equal-height-disable elementor-widget elementor-widget-elementskit-icon-box\" data-id=\"46448cea\" data-element_type=\"widget\" data-widget_type=\"elementskit-icon-box.default\">\n\t\t\t\t<div class=\"elementor-widget-container\">\n\t\t\t<div class=\"ekit-wid-con\" >        <!-- link opening -->\n                <!-- end link opening -->\n\n        <div class=\"elementskit-infobox text-left text- icon-lef-right-aligin elementor-animation-\">\n                        <div class=\"box-body\">\n                            <h3 class=\"elementskit-info-box-title\">\n                    OEM                <\/h3>\n                        \t\t  <p>Unser Team verf\u00fcgt \u00fcber einen kompletten Arbeitsablauf von der Empfehlung von Stoffen und Zuschnitten \u00fcber verschiedene Prozesse bis hin zur Massenproduktion. Jedes Glied wird einer Qualit\u00e4tskontrolle unterzogen, um sicherzustellen, dass wir Ihnen die besten Qualit\u00e4tsprodukte liefern k\u00f6nnen.<\/p>\n                                        <div class=\"box-footer disable_hover_button\">\n                    <div class=\"btn-wraper\">\n                                                            <a href=\"#\" target=\"_self\" rel=\"\" class=\"elementskit-btn whitespace--normal elementor-animation-\">\n                                                                                Mehr lesen                                    <\/a>\n                                                        <\/div>\n                <\/div>\n                    <\/div>\n        \n        \n                <\/div>\n        <\/div>\t\t<\/div>\n\t\t\t\t<\/div>\n\t\t\t\t\t<\/div>\n\t\t<\/div>\n\t\t\t\t\t\t\t<\/div>\n\t\t<\/section>\n\t\t\t\t<section class=\"elementor-section elementor-top-section elementor-element elementor-element-2b1a189 elementor-section-boxed elementor-section-height-default elementor-section-height-default\" data-id=\"2b1a189\" data-element_type=\"section\" data-settings=\"{&quot;background_background&quot;:&quot;classic&quot;}\">\n\t\t\t\t\t\t<div class=\"elementor-container elementor-column-gap-default\">\n\t\t\t\t\t<div class=\"elementor-column elementor-col-33 elementor-top-column elementor-element elementor-element-a16f667\" data-id=\"a16f667\" data-element_type=\"column\">\n\t\t\t<div class=\"elementor-widget-wrap elementor-element-populated\">\n\t\t\t\t\t\t\t\t<div class=\"elementor-element elementor-element-8fff7bb elementor-absolute elementor-widget elementor-widget-image\" data-id=\"8fff7bb\" data-element_type=\"widget\" data-settings=\"{&quot;_position&quot;:&quot;absolute&quot;}\" data-widget_type=\"image.default\">\n\t\t\t\t<div class=\"elementor-widget-container\">\n\t\t\t\t\t\t\t\t\t\t\t\t\t\t\t<img decoding=\"async\" width=\"103\" height=\"24\" src=\"https:\/\/yuyangtex.com\/wp-content\/uploads\/2024\/02\/heading-bird.png\" class=\"attachment-large size-large wp-image-6950\" alt=\"\" srcset=\"https:\/\/yuyangtex.com\/wp-content\/uploads\/2024\/02\/heading-bird.png 103w, https:\/\/yuyangtex.com\/wp-content\/uploads\/2024\/02\/heading-bird-18x4.png 18w, https:\/\/yuyangtex.com\/wp-content\/uploads\/2024\/02\/heading-bird-100x24.png 100w\" sizes=\"(max-width: 103px) 100vw, 103px\" \/>\t\t\t\t\t\t\t\t\t\t\t\t\t\t\t<\/div>\n\t\t\t\t<\/div>\n\t\t\t\t<div class=\"elementor-element elementor-element-a0cc731 ekit-equal-height-disable elementor-widget elementor-widget-elementskit-icon-box\" data-id=\"a0cc731\" data-element_type=\"widget\" data-widget_type=\"elementskit-icon-box.default\">\n\t\t\t\t<div class=\"elementor-widget-container\">\n\t\t\t<div class=\"ekit-wid-con\" >        <!-- link opening -->\n                <!-- end link opening -->\n\n        <div class=\"elementskit-infobox text-left text- icon-lef-right-aligin elementor-animation-\">\n                        <div class=\"box-body\">\n                        \t\t  <p>One-Stop-Versand an Ihre Haust\u00fcr, wir k\u00f6nnen Ihnen einen T\u00fcr-zu-T\u00fcr-Service bieten. Wir werden alle Probleme l\u00f6sen, einschlie\u00dflich Importzoll und so weiter.<\/p>\n                                        <div class=\"box-footer disable_hover_button\">\n                    <div class=\"btn-wraper\">\n                                                            <a href=\"#\" target=\"_self\" rel=\"\" class=\"elementskit-btn whitespace--normal elementor-animation-\">\n                                                                                Mehr lesen                                    <\/a>\n                                                        <\/div>\n                <\/div>\n                    <\/div>\n        \n        \n                <\/div>\n        <\/div>\t\t<\/div>\n\t\t\t\t<\/div>\n\t\t\t\t<div class=\"elementor-element elementor-element-573fccf elementor-widget__width-auto elementor-absolute elementor-invisible elementor-widget elementor-widget-image\" data-id=\"573fccf\" data-element_type=\"widget\" data-settings=\"{&quot;_animation&quot;:&quot;fadeIn&quot;,&quot;_position&quot;:&quot;absolute&quot;}\" data-widget_type=\"image.default\">\n\t\t\t\t<div class=\"elementor-widget-container\">\n\t\t\t\t\t\t\t\t\t\t\t\t\t\t\t<img decoding=\"async\" width=\"64\" height=\"64\" src=\"https:\/\/yuyangtex.com\/wp-content\/uploads\/2024\/02\/heading-dots.png\" class=\"attachment-large size-large wp-image-6953\" alt=\"\" srcset=\"https:\/\/yuyangtex.com\/wp-content\/uploads\/2024\/02\/heading-dots.png 64w, https:\/\/yuyangtex.com\/wp-content\/uploads\/2024\/02\/heading-dots-12x12.png 12w\" sizes=\"(max-width: 64px) 100vw, 64px\" \/>\t\t\t\t\t\t\t\t\t\t\t\t\t\t\t<\/div>\n\t\t\t\t<\/div>\n\t\t\t\t\t<\/div>\n\t\t<\/div>\n\t\t\t\t<div class=\"elementor-column elementor-col-33 elementor-top-column elementor-element elementor-element-029ad7e\" data-id=\"029ad7e\" data-element_type=\"column\">\n\t\t\t<div class=\"elementor-widget-wrap elementor-element-populated\">\n\t\t\t\t\t\t\t\t<div class=\"elementor-element elementor-element-d112990 elementor-absolute elementor-widget elementor-widget-image\" data-id=\"d112990\" data-element_type=\"widget\" data-settings=\"{&quot;_position&quot;:&quot;absolute&quot;}\" data-widget_type=\"image.default\">\n\t\t\t\t<div class=\"elementor-widget-container\">\n\t\t\t\t\t\t\t\t\t\t\t\t\t\t\t<img decoding=\"async\" width=\"222\" height=\"56\" src=\"https:\/\/yuyangtex.com\/wp-content\/uploads\/2024\/02\/heading-cloud-bird.png\" class=\"attachment-large size-large wp-image-6958\" alt=\"\" srcset=\"https:\/\/yuyangtex.com\/wp-content\/uploads\/2024\/02\/heading-cloud-bird.png 222w, https:\/\/yuyangtex.com\/wp-content\/uploads\/2024\/02\/heading-cloud-bird-18x5.png 18w\" sizes=\"(max-width: 222px) 100vw, 222px\" \/>\t\t\t\t\t\t\t\t\t\t\t\t\t\t\t<\/div>\n\t\t\t\t<\/div>\n\t\t\t\t<div class=\"elementor-element elementor-element-2242cbe ekit-equal-height-disable elementor-widget elementor-widget-elementskit-icon-box\" data-id=\"2242cbe\" data-element_type=\"widget\" data-widget_type=\"elementskit-icon-box.default\">\n\t\t\t\t<div class=\"elementor-widget-container\">\n\t\t\t<div class=\"ekit-wid-con\" >        <!-- link opening -->\n                <!-- end link opening -->\n\n        <div class=\"elementskit-infobox text-left text- icon-lef-right-aligin elementor-animation-\">\n                        <div class=\"box-body\">\n                            <h3 class=\"elementskit-info-box-title\">\n                    Qualit\u00e4tskontrolle                <\/h3>\n                        \t\t  <p>Qualit\u00e4t ist unser bestes Versprechen und wir halten es seit \u00fcber \uff110 Jahren ein. verf\u00fcgt \u00fcber ein starkes QAD-Musterungsteam, das den gesamten Prozess vom Zuschnitt \u00fcber das N\u00e4hen bis zur Verpackung t\u00e4glich kontrolliert. Au\u00dferdem haben wir an jeder Produktionslinie ein unabh\u00e4ngiges Qualit\u00e4tssicherungspersonal, das die Produktqualit\u00e4t \u00fcberpr\u00fcft.<\/p>\n                                        <div class=\"box-footer disable_hover_button\">\n                    <div class=\"btn-wraper\">\n                                                            <a href=\"#\" target=\"_self\" rel=\"\" class=\"elementskit-btn whitespace--normal elementor-animation-\">\n                                                                                Mehr lesen                                    <\/a>\n                                                        <\/div>\n                <\/div>\n                    <\/div>\n        \n        \n                <\/div>\n        <\/div>\t\t<\/div>\n\t\t\t\t<\/div>\n\t\t\t\t\t<\/div>\n\t\t<\/div>\n\t\t\t\t<div class=\"elementor-column elementor-col-33 elementor-top-column elementor-element elementor-element-6a1120d\" data-id=\"6a1120d\" data-element_type=\"column\">\n\t\t\t<div class=\"elementor-widget-wrap elementor-element-populated\">\n\t\t\t\t\t\t\t\t<div class=\"elementor-element elementor-element-f5ebd56 elementor-widget elementor-widget-image\" data-id=\"f5ebd56\" data-element_type=\"widget\" data-widget_type=\"image.default\">\n\t\t\t\t<div class=\"elementor-widget-container\">\n\t\t\t\t\t\t\t\t\t\t\t\t\t\t\t<img decoding=\"async\" src=\"http:\/\/yuyangtex.com\/wp-content\/uploads\/2024\/02\/service3.webp\" title=\"\" alt=\"\" loading=\"lazy\" \/>\t\t\t\t\t\t\t\t\t\t\t\t\t\t\t<\/div>\n\t\t\t\t<\/div>\n\t\t\t\t\t<\/div>\n\t\t<\/div>\n\t\t\t\t\t\t\t<\/div>\n\t\t<\/section>\n\t\t\t\t\t\t\t<\/div>","protected":false},"excerpt":{"rendered":"<p>Our Service Yuyang clothing ,a distinguished pioneer in the realm of custom performance outerwear, caters to a diverse clientele across the cycling, running, outdoor, and skiing industries. We are committed to offering sustainable alternatives, providing eco-conscious brands with the opportunity to produce outerwear from recycled polyester or other sustainable materials. ODM Whether you are searching &hellip;<\/p>\n<p class=\"read-more\"> <a class=\"\" href=\"https:\/\/yuyangtex.com\/de\/our-service\/\"> <span class=\"screen-reader-text\">Unser Service<\/span> Weiterlesen \"<\/a><\/p>","protected":false},"author":1,"featured_media":0,"parent":0,"menu_order":0,"comment_status":"closed","ping_status":"closed","template":"","meta":{"site-sidebar-layout":"no-sidebar","site-content-layout":"page-builder","ast-site-content-layout":"full-width-container","site-content-style":"default","site-sidebar-style":"default","ast-global-header-display":"","ast-banner-title-visibility":"","ast-main-header-display":"","ast-hfb-above-header-display":"","ast-hfb-below-header-display":"","ast-hfb-mobile-header-display":"","site-post-title":"disabled","ast-breadcrumbs-content":"","ast-featured-img":"disabled","footer-sml-layout":"","theme-transparent-header-meta":"default","adv-header-id-meta":"","stick-header-meta":"","header-above-stick-meta":"","header-main-stick-meta":"","header-below-stick-meta":"","astra-migrate-meta-layouts":"set","ast-page-background-enabled":"default","ast-page-background-meta":{"desktop":{"background-color":"","background-image":"","background-repeat":"repeat","background-position":"center center","background-size":"auto","background-attachment":"scroll","background-type":"","background-media":"","overlay-type":"","overlay-color":"","overlay-gradient":""},"tablet":{"background-color":"","background-image":"","background-repeat":"repeat","background-position":"center center","background-size":"auto","background-attachment":"scroll","background-type":"","background-media":"","overlay-type":"","overlay-color":"","overlay-gradient":""},"mobile":{"background-color":"","background-image":"","background-repeat":"repeat","background-position":"center center","background-size":"auto","background-attachment":"scroll","background-type":"","background-media":"","overlay-type":"","overlay-color":"","overlay-gradient":""}},"ast-content-background-meta":{"desktop":{"background-color":"var(--ast-global-color-5)","background-image":"","background-repeat":"repeat","background-position":"center center","background-size":"auto","background-attachment":"scroll","background-type":"","background-media":"","overlay-type":"","overlay-color":"","overlay-gradient":""},"tablet":{"background-color":"var(--ast-global-color-5)","background-image":"","background-repeat":"repeat","background-position":"center center","background-size":"auto","background-attachment":"scroll","background-type":"","background-media":"","overlay-type":"","overlay-color":"","overlay-gradient":""},"mobile":{"background-color":"var(--ast-global-color-5)","background-image":"","background-repeat":"repeat","background-position":"center center","background-size":"auto","background-attachment":"scroll","background-type":"","background-media":"","overlay-type":"","overlay-color":"","overlay-gradient":""}},"footnotes":""},"_links":{"self":[{"href":"https:\/\/yuyangtex.com\/de\/wp-json\/wp\/v2\/pages\/5999"}],"collection":[{"href":"https:\/\/yuyangtex.com\/de\/wp-json\/wp\/v2\/pages"}],"about":[{"href":"https:\/\/yuyangtex.com\/de\/wp-json\/wp\/v2\/types\/page"}],"author":[{"embeddable":true,"href":"https:\/\/yuyangtex.com\/de\/wp-json\/wp\/v2\/users\/1"}],"replies":[{"embeddable":true,"href":"https:\/\/yuyangtex.com\/de\/wp-json\/wp\/v2\/comments?post=5999"}],"version-history":[{"count":13,"href":"https:\/\/yuyangtex.com\/de\/wp-json\/wp\/v2\/pages\/5999\/revisions"}],"predecessor-version":[{"id":7152,"href":"https:\/\/yuyangtex.com\/de\/wp-json\/wp\/v2\/pages\/5999\/revisions\/7152"}],"wp:attachment":[{"href":"https:\/\/yuyangtex.com\/de\/wp-json\/wp\/v2\/media?parent=5999"}],"curies":[{"name":"wp","href":"https:\/\/api.w.org\/{rel}","templated":true}]}}